{"id":18417,"date":"2025-06-13T11:47:00","date_gmt":"2025-06-13T14:47:00","guid":{"rendered":"https:\/\/biologo.com.br\/bio\/?page_id=18417"},"modified":"2025-06-13T11:53:58","modified_gmt":"2025-06-13T14:53:58","slug":"assine-gratuitamente-o-biologo","status":"publish","type":"page","link":"https:\/\/biologo.com.br\/bio\/assine-gratuitamente-o-biologo\/","title":{"rendered":"Assine gratuitamente o Bi\u00f3logo"},"content":{"rendered":"\n<p><span style=\"font-size: 14pt; color: #000000;\"><span style=\"color: #3366ff;\"><span style=\"color: #000000;\"><span style=\"font-size: 14pt; color: #000000;\"><span style=\"color: #3366ff;\"><span style=\"color: #000000;\"><span style=\"font-size: 14pt; color: #000000;\"><span style=\"color: #3366ff;\"><span style=\"color: #000000;\"><span style=\"font-size: 14pt; color: #000000;\"><span style=\"color: #3366ff;\"><span style=\"color: #000000;\"><span style=\"font-size: 14pt; color: #000000;\"><span style=\"color: #3366ff;\"><span style=\"color: #000000;\"><span style=\"font-size: 14pt; color: #000000;\"><span style=\"color: #3366ff;\"><span style=\"color: #000000;\"><span style=\"font-size: 14pt; color: #000000;\"><span style=\"color: #3366ff;\"><span style=\"color: #000000;\"><span style=\"font-size: 14pt; color: #000000;\"><span style=\"color: #3366ff;\"><span style=\"color: #000000;\"><span style=\"font-size: 14pt; color: #000000;\"><span style=\"color: #3366ff;\"><span style=\"color: #000000;\"><span style=\"font-size: 14pt; color: #000000;\"><span style=\"color: #3366ff;\"><span style=\"color: #000000;\"><span style=\"font-size: 14pt; color: #000000;\"><span style=\"color: #3366ff;\"><span style=\"color: #000000;\"><span style=\"font-size: 14pt; color: #000000;\"><span style=\"color: #3366ff;\"><span style=\"color: #000000;\"><span style=\"font-size: 14pt; color: #000000;\"><span style=\"color: #3366ff;\"><span style=\"color: #000000;\"><span style=\"font-size: 14pt; color: #000000;\"><span style=\"color: #3366ff;\"><strong><strong>Assine o Bi\u00f3logo:<\/strong><\/strong><span style=\"color: #000000;\"><span style=\"font-size: 14pt; color: #000000;\"><span style=\"color: #3366ff;\"><span style=\"color: #000000;\"><span style=\"font-size: 14pt; color: #000000;\"><span style=\"color: #3366ff;\"><strong> <\/strong><\/span><\/span><\/span><\/span><\/span><\/span><\/span><\/span><\/span><\/span><\/span><\/span><\/span><\/span><\/span><\/span><\/span><\/span><\/span><\/span><\/span><\/span><\/span><\/span><\/span><\/span><\/span><\/span><\/span><\/span><\/span><\/span><\/span><\/span><\/span><\/span><\/span><\/span><\/span><\/span><\/span><\/span><\/span><\/span><\/span><\/span><span style=\"font-size: 14pt; color: #000000;\"><span style=\"font-size: 14pt; color: #000000;\"><span style=\"font-size: 14pt; color: #000000;\"><span style=\"font-size: 14pt; color: #000000;\"><span style=\"font-size: 14pt; color: #000000;\">a Newsletter do Bi\u00f3logo \u00e9 gratuita. Receba conhecimento cient\u00edfico relevante diretamente no seu e-mail.<\/span><\/span><\/span><\/span><\/span><\/span><\/p>\n\n\n\n<h2 class=\"wp-block-heading\"><span style=\"font-family: 'courier new', courier, monospace; color: #000000; font-size: 24pt;\"><strong><strong><strong><strong>Assine gratuitamente o Bi\u00f3logo<\/strong><\/strong><\/strong><span style=\"font-family: 'courier new', courier, monospace; color: #000000;\"><strong><span style=\"font-size: 24pt;\"><span style=\"font-size: 12pt;\"><strong><strong>: receba a <span style=\"font-family: 'courier new', courier, monospace; color: #000000; font-size: 24pt;\"><strong><span style=\"font-family: 'courier new', courier, monospace; color: #000000;\"><strong><span style=\"font-size: 24pt;\"><span style=\"font-size: 12pt;\"><strong><strong>Newsletter <\/strong><\/strong><\/span><\/span><\/strong><\/span><\/strong><\/span>com conhecimento cient\u00edfico no seu e-mail<\/strong><\/strong><\/span><\/span><\/strong><\/span><\/strong><\/span><\/h2>\n\n\n\n<p class=\"has-drop-cap has-black-color has-text-color has-link-color has-medium-font-size wp-elements-71761c0ea7c03b00797ae151d8ec3b91\">Vivemos em um mundo repleto de informa\u00e7\u00f5es, mas nem sempre \u00e9 f\u00e1cil encontrar conte\u00fados confi\u00e1veis, bem escritos e baseados em ci\u00eancia. No site <strong>Bi\u00f3logo<\/strong>, temos um compromisso com a <strong>divulga\u00e7\u00e3o cient\u00edfica de qualidade<\/strong>, abordando temas essenciais da Biologia de forma clara, acess\u00edvel e envolvente.<\/p>\n\n\n\n<p class=\"has-black-color has-text-color has-link-color has-medium-font-size wp-elements-72cfd0382c5af9e413efe3fcf8e4e620\">Para facilitar o acesso a esse conte\u00fado, criamos uma <strong>newsletter gratuita<\/strong>. Ao assinar, voc\u00ea passa a receber os <strong>novos artigos originais diretamente por e-mail<\/strong>, sem custo algum e com total respeito \u00e0 sua privacidade. \u00c9 uma forma pr\u00e1tica e eficiente de acompanhar as atualiza\u00e7\u00f5es do site e se manter sempre bem informado sobre o que h\u00e1 de mais relevante na Biologia e nas Ci\u00eancias Ambientais.<\/p>\n\n\n\n<p class=\"has-black-color has-text-color has-link-color has-medium-font-size wp-elements-79844bd479a0abc2a14ec2644e611b06\">Os temas abordados incluem:<\/p>\n\n\n\n<figure class=\"wp-block-image alignright size-full\"><a href=\"https:\/\/i0.wp.com\/biologo.com.br\/bio\/wp-content\/uploads\/2025\/06\/ezgif.com-resize.gif?ssl=1\"><img data-recalc-dims=\"1\" loading=\"lazy\" decoding=\"async\" width=\"111\" height=\"111\" data-attachment-id=\"18422\" data-permalink=\"https:\/\/biologo.com.br\/bio\/assine-gratuitamente-o-biologo\/ezgif-com-resize\/\" data-orig-file=\"https:\/\/i0.wp.com\/biologo.com.br\/bio\/wp-content\/uploads\/2025\/06\/ezgif.com-resize.gif?fit=111%2C111&amp;ssl=1\" data-orig-size=\"111,111\" data-comments-opened=\"1\" data-image-meta=\"{&quot;aperture&quot;:&quot;0&quot;,&quot;credit&quot;:&quot;&quot;,&quot;camera&quot;:&quot;&quot;,&quot;caption&quot;:&quot;&quot;,&quot;created_timestamp&quot;:&quot;0&quot;,&quot;copyright&quot;:&quot;&quot;,&quot;focal_length&quot;:&quot;0&quot;,&quot;iso&quot;:&quot;0&quot;,&quot;shutter_speed&quot;:&quot;0&quot;,&quot;title&quot;:&quot;&quot;,&quot;orientation&quot;:&quot;0&quot;}\" data-image-title=\"ezgif.com-resize\" data-image-description=\"\" data-image-caption=\"\" data-large-file=\"https:\/\/i0.wp.com\/biologo.com.br\/bio\/wp-content\/uploads\/2025\/06\/ezgif.com-resize.gif?fit=111%2C111&amp;ssl=1\" src=\"https:\/\/i0.wp.com\/biologo.com.br\/bio\/wp-content\/uploads\/2025\/06\/ezgif.com-resize.gif?resize=111%2C111&#038;ssl=1\" alt=\"Assine gratuitamente o Bi\u00f3logo\" class=\"wp-image-18422\" srcset=\"https:\/\/i0.wp.com\/biologo.com.br\/bio\/wp-content\/uploads\/2025\/06\/ezgif.com-resize.gif?w=111&amp;ssl=1 111w, https:\/\/i0.wp.com\/biologo.com.br\/bio\/wp-content\/uploads\/2025\/06\/ezgif.com-resize.gif?resize=96%2C96&amp;ssl=1 96w\" sizes=\"auto, (max-width: 111px) 100vw, 111px\" \/><\/a><\/figure>\n\n\n\n<ul class=\"wp-block-list\">\n<li class=\"has-black-color has-text-color has-link-color has-medium-font-size wp-elements-07c9786f006782a1503141fe7a7f3da4\">Ecologia e sustentabilidade<\/li>\n\n\n\n<li class=\"has-black-color has-text-color has-link-color has-medium-font-size wp-elements-01a22b95a95eadcd3b61e52071ffad86\">Fisiologia e sa\u00fade<\/li>\n\n\n\n<li class=\"has-black-color has-text-color has-link-color has-medium-font-size wp-elements-7d98fa1a0984904c025073e15c4c3280\">Evolu\u00e7\u00e3o e biodiversidade<\/li>\n\n\n\n<li class=\"has-black-color has-text-color has-link-color has-medium-font-size wp-elements-57a8e83911959b1e10ff7a4e76b90635\">Biotecnologia e inova\u00e7\u00e3o cient\u00edfica<\/li>\n\n\n\n<li class=\"has-black-color has-text-color has-link-color has-medium-font-size wp-elements-bf74b079f5eeaaa6f2352153234621db\">Conserva\u00e7\u00e3o da natureza e mudan\u00e7as clim\u00e1ticas<\/li>\n<\/ul>\n\n\n\n<p class=\"has-black-color has-text-color has-link-color has-medium-font-size wp-elements-2cfaaa27f9aba50bebcdce969145c3ce\">Cada artigo \u00e9 cuidadosamente elaborado com base em <strong>refer\u00eancias acad\u00eamicas confi\u00e1veis<\/strong>, buscando n\u00e3o apenas informar, mas tamb\u00e9m <strong>inspirar a curiosidade cient\u00edfica<\/strong> e o pensamento cr\u00edtico.<\/p>\n\n\n\n<p class=\"has-black-color has-text-color has-link-color has-medium-font-size wp-elements-72244923eb00602ab7ef5f7e026dc09d\">Se voc\u00ea valoriza o conhecimento, acredita na import\u00e2ncia da ci\u00eancia e quer receber conte\u00fados relevantes no conforto do seu e-mail, assine agora mesmo a newsletter do Bi\u00f3logo. \u00c9 r\u00e1pido, seguro e gratuito.<\/p>\n\n\n\n<p class=\"has-black-color has-text-color has-link-color has-medium-font-size wp-elements-dcbe562adb6e6be1ad9b5252c6f0f0d4\">Para se juntar \u00e0 nossa <a href=\"https:\/\/www.facebook.com\/biologocombr\" target=\"_blank\" rel=\"noreferrer noopener\">comunidade<\/a> de leitores apaixonados por ci\u00eancia e assinar, basta digitar seu e-mail abaixo:<\/p>\n\n\n<div class=\"wp-block-jetpack-subscriptions__supports-newline wp-block-jetpack-subscriptions\">\n\t\t<div>\n\t\t\t<div>\n\t\t\t\t<div>\n\t\t\t\t\t<p >\n\t\t\t\t\t\t<a href=\"https:\/\/biologo.com.br\/bio\/?post_type=page&#038;p=18417\" style=\"font-size: 16px;padding: 15px 23px 15px 23px;margin: 0; margin-left: 10px;border-radius: 0px;border-width: 1px; background-color: #113AF5; color: #FFFFFF; text-decoration: none; white-space: nowrap; margin-left: 0\">Assinar<\/a>\n\t\t\t\t\t<\/p>\n\t\t\t\t<\/div>\n\t\t\t<\/div>\n\t\t<\/div>\n\t<\/div>\n\n\n<p class=\"has-black-color has-text-color has-link-color has-medium-font-size wp-elements-1cac5c02015dd73032390814c2b7a3ef\"><br>Porque o conhecimento deve ser livre, acess\u00edvel \u2014 e chegar at\u00e9 voc\u00ea com qualidade.<\/p>\n\n\n\n<figure class=\"wp-block-image aligncenter\"><a href=\"https:\/\/biologo.com.br\/bio\/apoie-o-biologo\/\"><img data-recalc-dims=\"1\" loading=\"lazy\" decoding=\"async\" width=\"174\" height=\"147\" data-attachment-id=\"11979\" data-permalink=\"https:\/\/biologo.com.br\/bio\/caracal-um-mestre-da-sobrevivencia\/apoiepeq\/\" data-orig-file=\"https:\/\/i0.wp.com\/biologo.com.br\/bio\/wp-content\/uploads\/2022\/05\/apoiepeq.jpg?fit=174%2C147&amp;ssl=1\" data-orig-size=\"174,147\" data-comments-opened=\"0\" data-image-meta=\"{&quot;aperture&quot;:&quot;0&quot;,&quot;credit&quot;:&quot;&quot;,&quot;camera&quot;:&quot;&quot;,&quot;caption&quot;:&quot;&quot;,&quot;created_timestamp&quot;:&quot;0&quot;,&quot;copyright&quot;:&quot;&quot;,&quot;focal_length&quot;:&quot;0&quot;,&quot;iso&quot;:&quot;0&quot;,&quot;shutter_speed&quot;:&quot;0&quot;,&quot;title&quot;:&quot;&quot;,&quot;orientation&quot;:&quot;0&quot;}\" data-image-title=\"apoiepeq\" data-image-description=\"&lt;p&gt;Apoie o Bi\u00f3logo&lt;\/p&gt;\n\" data-image-caption=\"\" data-large-file=\"https:\/\/i0.wp.com\/biologo.com.br\/bio\/wp-content\/uploads\/2022\/05\/apoiepeq.jpg?fit=174%2C147&amp;ssl=1\" src=\"https:\/\/i0.wp.com\/biologo.com.br\/bio\/wp-content\/uploads\/2022\/05\/apoiepeq.jpg?resize=174%2C147&#038;ssl=1\" alt=\"Apoie o Bi\u00f3logo\" class=\"wp-image-11979\" title=\"Apoie o Bi\u00f3logo\"\/><\/a><\/figure>\n\n\n\n<p class=\"has-text-align-center\"><a href=\"https:\/\/biologo.com.br\/bio\/apoie-o-biologo\/\">Apoie o Bi\u00f3logo<\/a>\u00a0<\/p>\n<p>\u00a0<\/p>\n","protected":false},"excerpt":{"rendered":"<p>Assine o Bi\u00f3logo: a Newsletter do Bi\u00f3logo \u00e9 gratuita. Receba conhecimento cient\u00edfico relevante diretamente no seu e-mail. Assine gratuitamente o<\/p>\n","protected":false},"author":1,"featured_media":18421,"parent":0,"menu_order":0,"comment_status":"closed","ping_status":"closed","template":"","meta":{"colormag_page_container_layout":"default_layout","colormag_page_sidebar_layout":"default_layout","jetpack_post_was_ever_published":false,"footnotes":""},"class_list":["post-18417","page","type-page","status-publish","has-post-thumbnail","hentry"],"yoast_head":"<!-- This site is optimized with the Yoast SEO plugin v27.5 - https:\/\/yoast.com\/product\/yoast-seo-wordpress\/ -->\n<title>Assine gratuitamente o Bi\u00f3logo: receba a Newsletter no seu e-mail<\/title>\n<meta name=\"description\" content=\"Assine o Bi\u00f3logo: a Newsletter do Bi\u00f3logo \u00e9 gratuita. Conhecimento cient\u00edfico original direto no seu e-mail. Assine gratuitamente o Bi\u00f3logo\" \/>\n<meta name=\"robots\" content=\"index, follow, max-snippet:-1, max-image-preview:large, max-video-preview:-1\" \/>\n<link rel=\"canonical\" href=\"https:\/\/biologo.com.br\/bio\/assine-gratuitamente-o-biologo\/\" \/>\n<meta property=\"og:locale\" content=\"pt_BR\" \/>\n<meta property=\"og:type\" content=\"article\" \/>\n<meta property=\"og:title\" content=\"Assine gratuitamente o Bi\u00f3logo: receba a Newsletter no seu e-mail\" \/>\n<meta property=\"og:description\" content=\"Assine o Bi\u00f3logo: a Newsletter do Bi\u00f3logo \u00e9 gratuita. Conhecimento cient\u00edfico original direto no seu e-mail. Assine gratuitamente o Bi\u00f3logo\" \/>\n<meta property=\"og:url\" content=\"https:\/\/biologo.com.br\/bio\/assine-gratuitamente-o-biologo\/\" \/>\n<meta property=\"og:site_name\" content=\"Bi\u00f3logo\" \/>\n<meta property=\"article:publisher\" content=\"https:\/\/www.facebook.com\/biologocombr\/\" \/>\n<meta property=\"article:modified_time\" content=\"2025-06-13T14:53:58+00:00\" \/>\n<meta property=\"og:image\" content=\"https:\/\/biologo.com.br\/bio\/wp-content\/uploads\/2025\/06\/Assine-o-Biologo.jpg\" \/>\n\t<meta property=\"og:image:width\" content=\"1200\" \/>\n\t<meta property=\"og:image:height\" content=\"675\" \/>\n\t<meta property=\"og:image:type\" content=\"image\/jpeg\" \/>\n<meta name=\"twitter:card\" content=\"summary_large_image\" \/>\n<meta name=\"twitter:site\" content=\"@Biologocombr\" \/>\n<meta name=\"twitter:label1\" content=\"Est. tempo de leitura\" \/>\n\t<meta name=\"twitter:data1\" content=\"2 minutos\" \/>\n<script type=\"application\/ld+json\" class=\"yoast-schema-graph\">{\"@context\":\"https:\\\/\\\/schema.org\",\"@graph\":[{\"@type\":\"WebPage\",\"@id\":\"https:\\\/\\\/biologo.com.br\\\/bio\\\/assine-gratuitamente-o-biologo\\\/\",\"url\":\"https:\\\/\\\/biologo.com.br\\\/bio\\\/assine-gratuitamente-o-biologo\\\/\",\"name\":\"Assine gratuitamente o Bi\u00f3logo: receba a Newsletter no seu e-mail\",\"isPartOf\":{\"@id\":\"https:\\\/\\\/biologo.com.br\\\/bio\\\/#website\"},\"primaryImageOfPage\":{\"@id\":\"https:\\\/\\\/biologo.com.br\\\/bio\\\/assine-gratuitamente-o-biologo\\\/#primaryimage\"},\"image\":{\"@id\":\"https:\\\/\\\/biologo.com.br\\\/bio\\\/assine-gratuitamente-o-biologo\\\/#primaryimage\"},\"thumbnailUrl\":\"https:\\\/\\\/i0.wp.com\\\/biologo.com.br\\\/bio\\\/wp-content\\\/uploads\\\/2025\\\/06\\\/Assine-o-Biologo.jpg?fit=1200%2C675&ssl=1\",\"datePublished\":\"2025-06-13T14:47:00+00:00\",\"dateModified\":\"2025-06-13T14:53:58+00:00\",\"description\":\"Assine o Bi\u00f3logo: a Newsletter do Bi\u00f3logo \u00e9 gratuita. Conhecimento cient\u00edfico original direto no seu e-mail. Assine gratuitamente o Bi\u00f3logo\",\"breadcrumb\":{\"@id\":\"https:\\\/\\\/biologo.com.br\\\/bio\\\/assine-gratuitamente-o-biologo\\\/#breadcrumb\"},\"inLanguage\":\"pt-BR\",\"potentialAction\":[{\"@type\":\"ReadAction\",\"target\":[\"https:\\\/\\\/biologo.com.br\\\/bio\\\/assine-gratuitamente-o-biologo\\\/\"]}]},{\"@type\":\"ImageObject\",\"inLanguage\":\"pt-BR\",\"@id\":\"https:\\\/\\\/biologo.com.br\\\/bio\\\/assine-gratuitamente-o-biologo\\\/#primaryimage\",\"url\":\"https:\\\/\\\/i0.wp.com\\\/biologo.com.br\\\/bio\\\/wp-content\\\/uploads\\\/2025\\\/06\\\/Assine-o-Biologo.jpg?fit=1200%2C675&ssl=1\",\"contentUrl\":\"https:\\\/\\\/i0.wp.com\\\/biologo.com.br\\\/bio\\\/wp-content\\\/uploads\\\/2025\\\/06\\\/Assine-o-Biologo.jpg?fit=1200%2C675&ssl=1\",\"width\":1200,\"height\":675,\"caption\":\"Assine o Bi\u00f3logo\"},{\"@type\":\"BreadcrumbList\",\"@id\":\"https:\\\/\\\/biologo.com.br\\\/bio\\\/assine-gratuitamente-o-biologo\\\/#breadcrumb\",\"itemListElement\":[{\"@type\":\"ListItem\",\"position\":1,\"name\":\"In\u00edcio\",\"item\":\"https:\\\/\\\/biologo.com.br\\\/bio\\\/\"},{\"@type\":\"ListItem\",\"position\":2,\"name\":\"Assine gratuitamente o Bi\u00f3logo\"}]},{\"@type\":\"WebSite\",\"@id\":\"https:\\\/\\\/biologo.com.br\\\/bio\\\/#website\",\"url\":\"https:\\\/\\\/biologo.com.br\\\/bio\\\/\",\"name\":\"Bi\u00f3logo\",\"description\":\"Biologia. Informa\u00e7\u00f5es para bi\u00f3logos ou leigos. Eventos, v\u00eddeos e muito mais. Ci\u00eancias biol\u00f3gicas.\",\"publisher\":{\"@id\":\"https:\\\/\\\/biologo.com.br\\\/bio\\\/#organization\"},\"potentialAction\":[{\"@type\":\"SearchAction\",\"target\":{\"@type\":\"EntryPoint\",\"urlTemplate\":\"https:\\\/\\\/biologo.com.br\\\/bio\\\/?s={search_term_string}\"},\"query-input\":{\"@type\":\"PropertyValueSpecification\",\"valueRequired\":true,\"valueName\":\"search_term_string\"}}],\"inLanguage\":\"pt-BR\"},{\"@type\":\"Organization\",\"@id\":\"https:\\\/\\\/biologo.com.br\\\/bio\\\/#organization\",\"name\":\"Bi\u00f3logo\",\"url\":\"https:\\\/\\\/biologo.com.br\\\/bio\\\/\",\"logo\":{\"@type\":\"ImageObject\",\"inLanguage\":\"pt-BR\",\"@id\":\"https:\\\/\\\/biologo.com.br\\\/bio\\\/#\\\/schema\\\/logo\\\/image\\\/\",\"url\":\"https:\\\/\\\/i0.wp.com\\\/biologo.com.br\\\/bio\\\/wp-content\\\/uploads\\\/2015\\\/12\\\/logo1.jpg?fit=179%2C57&ssl=1\",\"contentUrl\":\"https:\\\/\\\/i0.wp.com\\\/biologo.com.br\\\/bio\\\/wp-content\\\/uploads\\\/2015\\\/12\\\/logo1.jpg?fit=179%2C57&ssl=1\",\"width\":179,\"height\":57,\"caption\":\"Bi\u00f3logo\"},\"image\":{\"@id\":\"https:\\\/\\\/biologo.com.br\\\/bio\\\/#\\\/schema\\\/logo\\\/image\\\/\"},\"sameAs\":[\"https:\\\/\\\/www.facebook.com\\\/biologocombr\\\/\",\"https:\\\/\\\/x.com\\\/Biologocombr\",\"https:\\\/\\\/www.instagram.com\\\/biologo.com.br\\\/\"]}]}<\/script>\n<!-- \/ Yoast SEO plugin. -->","yoast_head_json":{"title":"Assine gratuitamente o Bi\u00f3logo: receba a Newsletter no seu e-mail","description":"Assine o Bi\u00f3logo: a Newsletter do Bi\u00f3logo \u00e9 gratuita. Conhecimento cient\u00edfico original direto no seu e-mail. Assine gratuitamente o Bi\u00f3logo","robots":{"index":"index","follow":"follow","max-snippet":"max-snippet:-1","max-image-preview":"max-image-preview:large","max-video-preview":"max-video-preview:-1"},"canonical":"https:\/\/biologo.com.br\/bio\/assine-gratuitamente-o-biologo\/","og_locale":"pt_BR","og_type":"article","og_title":"Assine gratuitamente o Bi\u00f3logo: receba a Newsletter no seu e-mail","og_description":"Assine o Bi\u00f3logo: a Newsletter do Bi\u00f3logo \u00e9 gratuita. Conhecimento cient\u00edfico original direto no seu e-mail. Assine gratuitamente o Bi\u00f3logo","og_url":"https:\/\/biologo.com.br\/bio\/assine-gratuitamente-o-biologo\/","og_site_name":"Bi\u00f3logo","article_publisher":"https:\/\/www.facebook.com\/biologocombr\/","article_modified_time":"2025-06-13T14:53:58+00:00","og_image":[{"width":1200,"height":675,"url":"https:\/\/biologo.com.br\/bio\/wp-content\/uploads\/2025\/06\/Assine-o-Biologo.jpg","type":"image\/jpeg"}],"twitter_card":"summary_large_image","twitter_site":"@Biologocombr","twitter_misc":{"Est. tempo de leitura":"2 minutos"},"schema":{"@context":"https:\/\/schema.org","@graph":[{"@type":"WebPage","@id":"https:\/\/biologo.com.br\/bio\/assine-gratuitamente-o-biologo\/","url":"https:\/\/biologo.com.br\/bio\/assine-gratuitamente-o-biologo\/","name":"Assine gratuitamente o Bi\u00f3logo: receba a Newsletter no seu e-mail","isPartOf":{"@id":"https:\/\/biologo.com.br\/bio\/#website"},"primaryImageOfPage":{"@id":"https:\/\/biologo.com.br\/bio\/assine-gratuitamente-o-biologo\/#primaryimage"},"image":{"@id":"https:\/\/biologo.com.br\/bio\/assine-gratuitamente-o-biologo\/#primaryimage"},"thumbnailUrl":"https:\/\/i0.wp.com\/biologo.com.br\/bio\/wp-content\/uploads\/2025\/06\/Assine-o-Biologo.jpg?fit=1200%2C675&ssl=1","datePublished":"2025-06-13T14:47:00+00:00","dateModified":"2025-06-13T14:53:58+00:00","description":"Assine o Bi\u00f3logo: a Newsletter do Bi\u00f3logo \u00e9 gratuita. Conhecimento cient\u00edfico original direto no seu e-mail. Assine gratuitamente o Bi\u00f3logo","breadcrumb":{"@id":"https:\/\/biologo.com.br\/bio\/assine-gratuitamente-o-biologo\/#breadcrumb"},"inLanguage":"pt-BR","potentialAction":[{"@type":"ReadAction","target":["https:\/\/biologo.com.br\/bio\/assine-gratuitamente-o-biologo\/"]}]},{"@type":"ImageObject","inLanguage":"pt-BR","@id":"https:\/\/biologo.com.br\/bio\/assine-gratuitamente-o-biologo\/#primaryimage","url":"https:\/\/i0.wp.com\/biologo.com.br\/bio\/wp-content\/uploads\/2025\/06\/Assine-o-Biologo.jpg?fit=1200%2C675&ssl=1","contentUrl":"https:\/\/i0.wp.com\/biologo.com.br\/bio\/wp-content\/uploads\/2025\/06\/Assine-o-Biologo.jpg?fit=1200%2C675&ssl=1","width":1200,"height":675,"caption":"Assine o Bi\u00f3logo"},{"@type":"BreadcrumbList","@id":"https:\/\/biologo.com.br\/bio\/assine-gratuitamente-o-biologo\/#breadcrumb","itemListElement":[{"@type":"ListItem","position":1,"name":"In\u00edcio","item":"https:\/\/biologo.com.br\/bio\/"},{"@type":"ListItem","position":2,"name":"Assine gratuitamente o Bi\u00f3logo"}]},{"@type":"WebSite","@id":"https:\/\/biologo.com.br\/bio\/#website","url":"https:\/\/biologo.com.br\/bio\/","name":"Bi\u00f3logo","description":"Biologia. Informa\u00e7\u00f5es para bi\u00f3logos ou leigos. Eventos, v\u00eddeos e muito mais. Ci\u00eancias biol\u00f3gicas.","publisher":{"@id":"https:\/\/biologo.com.br\/bio\/#organization"},"potentialAction":[{"@type":"SearchAction","target":{"@type":"EntryPoint","urlTemplate":"https:\/\/biologo.com.br\/bio\/?s={search_term_string}"},"query-input":{"@type":"PropertyValueSpecification","valueRequired":true,"valueName":"search_term_string"}}],"inLanguage":"pt-BR"},{"@type":"Organization","@id":"https:\/\/biologo.com.br\/bio\/#organization","name":"Bi\u00f3logo","url":"https:\/\/biologo.com.br\/bio\/","logo":{"@type":"ImageObject","inLanguage":"pt-BR","@id":"https:\/\/biologo.com.br\/bio\/#\/schema\/logo\/image\/","url":"https:\/\/i0.wp.com\/biologo.com.br\/bio\/wp-content\/uploads\/2015\/12\/logo1.jpg?fit=179%2C57&ssl=1","contentUrl":"https:\/\/i0.wp.com\/biologo.com.br\/bio\/wp-content\/uploads\/2015\/12\/logo1.jpg?fit=179%2C57&ssl=1","width":179,"height":57,"caption":"Bi\u00f3logo"},"image":{"@id":"https:\/\/biologo.com.br\/bio\/#\/schema\/logo\/image\/"},"sameAs":["https:\/\/www.facebook.com\/biologocombr\/","https:\/\/x.com\/Biologocombr","https:\/\/www.instagram.com\/biologo.com.br\/"]}]}},"jetpack-related-posts":[{"id":14262,"url":"https:\/\/biologo.com.br\/bio\/eventos\/","url_meta":{"origin":18417,"position":0},"title":"Eventos da biologia","author":"pozzana","date":"abril 20, 2023","format":false,"excerpt":"Eventos importantes: Biologia e Ci\u00eancias em 2026 no Brasil e no Mundo No Brasil em 2026 \ud83d\udcc5 36\u00ba Congresso Brasileiro de Zoologia (CBZ) & 3\u00aa Confer\u00eancia da Zoologia na Ind\u00fastria (CIZOO) 2026Data:\u00a02 a 5 de mar\u00e7o, 2026Local: Foz do Igua\u00e7u - PR Assine gr\u00e1tis XXIII Congresso Brasileiro de Parasitologia Veterin\u00e1ria\u2026","rel":"","context":"Post similar","block_context":{"text":"Post similar","link":""},"img":{"alt_text":"Eventos de Biologia: congressos e semin\u00e1rios importantes","src":"https:\/\/i0.wp.com\/biologo.com.br\/bio\/wp-content\/uploads\/2024\/11\/eventos-de-biologia-congressos.jpg?fit=1201%2C676&ssl=1&resize=350%2C200","width":350,"height":200,"srcset":"https:\/\/i0.wp.com\/biologo.com.br\/bio\/wp-content\/uploads\/2024\/11\/eventos-de-biologia-congressos.jpg?fit=1201%2C676&ssl=1&resize=350%2C200 1x, https:\/\/i0.wp.com\/biologo.com.br\/bio\/wp-content\/uploads\/2024\/11\/eventos-de-biologia-congressos.jpg?fit=1201%2C676&ssl=1&resize=525%2C300 1.5x, https:\/\/i0.wp.com\/biologo.com.br\/bio\/wp-content\/uploads\/2024\/11\/eventos-de-biologia-congressos.jpg?fit=1201%2C676&ssl=1&resize=700%2C400 2x, https:\/\/i0.wp.com\/biologo.com.br\/bio\/wp-content\/uploads\/2024\/11\/eventos-de-biologia-congressos.jpg?fit=1201%2C676&ssl=1&resize=1050%2C600 3x"},"classes":[]},{"id":7670,"url":"https:\/\/biologo.com.br\/bio\/politica-de-privacidade\/","url_meta":{"origin":18417,"position":1},"title":"Pol\u00edtica de Privacidade","author":"pozzana","date":"setembro 9, 2020","format":false,"excerpt":"A sua privacidade \u00e9 importante para n\u00f3s. \u00c9 pol\u00edtica do Bi\u00f3logo respeitar a sua privacidade em rela\u00e7\u00e3o a qualquer informa\u00e7\u00e3o sua que possamos coletar no site\u00a0Bi\u00f3logo, e outros sites que possu\u00edmos e operamos. Solicitamos informa\u00e7\u00f5es pessoais apenas quando realmente precisamos delas para lhe fornecer um servi\u00e7o. Fazemo-lo por meios justos\u2026","rel":"","context":"Post similar","block_context":{"text":"Post similar","link":""},"img":{"alt_text":"","src":"","width":0,"height":0},"classes":[]},{"id":13101,"url":"https:\/\/biologo.com.br\/bio\/events\/","url_meta":{"origin":18417,"position":2},"title":"Events","author":"pozzana","date":"setembro 27, 2022","format":false,"excerpt":"CONTENTS","rel":"","context":"Post similar","block_context":{"text":"Post similar","link":""},"img":{"alt_text":"","src":"","width":0,"height":0},"classes":[]},{"id":13102,"url":"https:\/\/biologo.com.br\/bio\/events\/locations\/","url_meta":{"origin":18417,"position":3},"title":"Locations","author":"pozzana","date":"setembro 27, 2022","format":false,"excerpt":"CONTENTS","rel":"","context":"Post similar","block_context":{"text":"Post similar","link":""},"img":{"alt_text":"","src":"","width":0,"height":0},"classes":[]},{"id":13103,"url":"https:\/\/biologo.com.br\/bio\/events\/categories\/","url_meta":{"origin":18417,"position":4},"title":"Categories","author":"pozzana","date":"setembro 27, 2022","format":false,"excerpt":"CONTENTS","rel":"","context":"Post similar","block_context":{"text":"Post similar","link":""},"img":{"alt_text":"","src":"","width":0,"height":0},"classes":[]},{"id":13104,"url":"https:\/\/biologo.com.br\/bio\/events\/tags\/","url_meta":{"origin":18417,"position":5},"title":"Tags","author":"pozzana","date":"setembro 27, 2022","format":false,"excerpt":"CONTENTS","rel":"","context":"Post similar","block_context":{"text":"Post similar","link":""},"img":{"alt_text":"","src":"","width":0,"height":0},"classes":[]}],"jetpack_sharing_enabled":true,"jetpack_likes_enabled":true,"jetpack_shortlink":"https:\/\/wp.me\/P6NB6B-4N3","amp_enabled":true,"_links":{"self":[{"href":"https:\/\/biologo.com.br\/bio\/wp-json\/wp\/v2\/pages\/18417","targetHints":{"allow":["GET"]}}],"collection":[{"href":"https:\/\/biologo.com.br\/bio\/wp-json\/wp\/v2\/pages"}],"about":[{"href":"https:\/\/biologo.com.br\/bio\/wp-json\/wp\/v2\/types\/page"}],"author":[{"embeddable":true,"href":"https:\/\/biologo.com.br\/bio\/wp-json\/wp\/v2\/users\/1"}],"replies":[{"embeddable":true,"href":"https:\/\/biologo.com.br\/bio\/wp-json\/wp\/v2\/comments?post=18417"}],"version-history":[{"count":1,"href":"https:\/\/biologo.com.br\/bio\/wp-json\/wp\/v2\/pages\/18417\/revisions"}],"predecessor-version":[{"id":18424,"href":"https:\/\/biologo.com.br\/bio\/wp-json\/wp\/v2\/pages\/18417\/revisions\/18424"}],"wp:featuredmedia":[{"embeddable":true,"href":"https:\/\/biologo.com.br\/bio\/wp-json\/wp\/v2\/media\/18421"}],"wp:attachment":[{"href":"https:\/\/biologo.com.br\/bio\/wp-json\/wp\/v2\/media?parent=18417"}],"curies":[{"name":"wp","href":"https:\/\/api.w.org\/{rel}","templated":true}]}}